{"id":3329,"date":"2024-12-05T13:33:11","date_gmt":"2024-12-05T12:33:11","guid":{"rendered":"https:\/\/isaba.com\/fr\/?page_id=3329"},"modified":"2024-12-12T13:18:13","modified_gmt":"2024-12-12T12:18:13","slug":"certificats","status":"publish","type":"page","link":"https:\/\/isaba.com\/fr\/certificats\/","title":{"rendered":"Certificados"},"content":{"rendered":"\n\t<section class=\"section forced-bg\" id=\"section_486808036\">\n\t\t<div class=\"section-bg fill\" >\n\t\t\t\t\t\t\t\t\t\n\t\t\t\n\n\t\t<\/div>\n\n\t\t\n\n\t\t<div class=\"section-content relative\">\n\t\t\t\n<div class=\"row row-collapse row-full-width align-middle\"  id=\"row-1194191590\">\n\n\t<div id=\"col-1611543620\" class=\"col row-full-pad-col-left sobre-nosotros-title medium-12 large-6\"  >\n\t\t\t\t<div class=\"col-inner\"  >\n\t\t\t\n\t\t\t\n\t<div id=\"gap-1966481669\" class=\"gap-element clearfix hide-for-medium\" style=\"display:block; height:auto;\">\n\t\t\n<style>\n#gap-1966481669 {\n  padding-top: 150px;\n}\n@media (min-width:550px) {\n  #gap-1966481669 {\n    padding-top: 180px;\n  }\n}\n@media (min-width:850px) {\n  #gap-1966481669 {\n    padding-top: 200px;\n  }\n}\n<\/style>\n\t<\/div>\n\t\n\t<div id=\"text-4254070715\" class=\"text doubled-font balance\">\n\t\t\n<h1>Certificats<\/h1>\n\t\t\n<style>\n#text-4254070715 {\n  font-size: 1.35rem;\n  line-height: 1.05;\n  color: rgb(255, 250, 239);\n}\n#text-4254070715 > * {\n  color: rgb(255, 250, 239);\n}\n@media (min-width:550px) {\n  #text-4254070715 {\n    font-size: 1.85rem;\n  }\n}\n@media (min-width:850px) {\n  #text-4254070715 {\n    font-size: 3.25rem;\n  }\n}\n<\/style>\n\t<\/div>\n\t\n\t<div id=\"gap-77769929\" class=\"gap-element clearfix hide-for-medium\" style=\"display:block; height:auto;\">\n\t\t\n<style>\n#gap-77769929 {\n  padding-top: 150px;\n}\n@media (min-width:550px) {\n  #gap-77769929 {\n    padding-top: 180px;\n  }\n}\n@media (min-width:850px) {\n  #gap-77769929 {\n    padding-top: 30px;\n  }\n}\n<\/style>\n\t<\/div>\n\t\n\t\t<\/div>\n\t\t\t\t\n<style>\n#col-1611543620 > .col-inner {\n  padding: 160px 0px 0px 0px;\n}\n@media (min-width:550px) {\n  #col-1611543620 > .col-inner {\n    padding: 180px 0px 0px 0px;\n  }\n}\n@media (min-width:850px) {\n  #col-1611543620 > .col-inner {\n    padding: 0px 0px 0px 0px;\n  }\n}\n<\/style>\n\t<\/div>\n\n\t\n\n\t<div id=\"col-802780270\" class=\"col row-full-pad-col-left sobre-nosotros-title medium-12 small-11 large-6\"  >\n\t\t\t\t<div class=\"col-inner\"  >\n\t\t\t\n\t\t\t\n\n  <div class=\"banner has-hover\" id=\"banner-1145321520\">\n          <div class=\"banner-inner fill\">\n        <div class=\"banner-bg fill\" >\n            <img loading=\"lazy\" decoding=\"async\" width=\"1020\" height=\"574\" src=\"https:\/\/isaba.com\/fr\/wp-content\/uploads\/sites\/2\/2024\/12\/Certifiacados-Isaba-1920x1080.jpg\" class=\"bg attachment-large size-large\" alt=\"\" \/>                                    \n                    <\/div>\n\t\t\n        <div class=\"banner-layers container\">\n            <div class=\"fill banner-link\"><\/div>            \n   <div id=\"text-box-1054844033\" class=\"text-box banner-layer x50 md-x50 lg-x50 y50 md-y50 lg-y50 res-text\">\n                                <div class=\"text-box-content text dark\">\n              \n              <div class=\"text-inner text-center\">\n                  \n              <\/div>\n           <\/div>\n                            \n<style>\n#text-box-1054844033 {\n  width: 60%;\n}\n#text-box-1054844033 .text-box-content {\n  font-size: 100%;\n}\n<\/style>\n    <\/div>\n \n        <\/div>\n      <\/div>\n\n            \n<style>\n#banner-1145321520 {\n  padding-top: 500px;\n}\n<\/style>\n  <\/div>\n\n\n\t\t<\/div>\n\t\t\t\t\n<style>\n#col-802780270 > .col-inner {\n  padding: 0px 0px 50px 0px;\n}\n@media (min-width:550px) {\n  #col-802780270 > .col-inner {\n    padding: 0px 35px 50px 0px;\n  }\n}\n@media (min-width:850px) {\n  #col-802780270 > .col-inner {\n    padding: 0px 0px 0px 0px;\n  }\n}\n<\/style>\n\t<\/div>\n\n\t\n<\/div>\n\t\t<\/div>\n\n\t\t\n<style>\n#section_486808036 {\n  padding-top: 0px;\n  padding-bottom: 0px;\n  background-color: #00263a;\n}\n<\/style>\n\t<\/section>\n\t\n\n\t<section class=\"section\" id=\"section_152229470\">\n\t\t<div class=\"section-bg fill\" >\n\t\t\t\t\t\t\t\t\t\n\t\t\t\n\n\t\t<\/div>\n\n\t\t\n\n\t\t<div class=\"section-content relative\">\n\t\t\t\n\t<div id=\"gap-1940353635\" class=\"gap-element clearfix\" style=\"display:block; height:auto;\">\n\t\t\n<style>\n#gap-1940353635 {\n  padding-top: 50px;\n}\n@media (min-width:550px) {\n  #gap-1940353635 {\n    padding-top: 50px;\n  }\n}\n@media (min-width:850px) {\n  #gap-1940353635 {\n    padding-top: 50px;\n  }\n}\n<\/style>\n\t<\/div>\n\t\n<div class=\"row\"  id=\"row-140469291\">\n\n\t<div id=\"col-381077605\" class=\"col medium-12 small-12 large-8\"  >\n\t\t\t\t<div class=\"col-inner\"  >\n\t\t\t\n\t\t\t\n\t<div id=\"text-1631280027\" class=\"text\">\n\t\t\n<p>Chez Isaba, la collaboration avec diff\u00e9rentes entit\u00e9s est essentielle pour continuer \u00e0 am\u00e9liorer et certifier nos bonnes pratiques. C\u2019est pourquoi nous disposons des certifications et collaborations suivantes.<\/p>\n\t\t\n<style>\n#text-1631280027 {\n  line-height: 1.2;\n}\n<\/style>\n\t<\/div>\n\t\n\t<div id=\"gap-217698048\" class=\"gap-element clearfix hide-for-medium\" style=\"display:block; height:auto;\">\n\t\t\n<style>\n#gap-217698048 {\n  padding-top: 15px;\n}\n<\/style>\n\t<\/div>\n\t\n\t\t<\/div>\n\t\t\t\t\t<\/div>\n\n\t\n\n\t<div id=\"col-166009985\" class=\"col hide-for-medium medium-4 small-12 large-4\"  >\n\t\t\t\t<div class=\"col-inner\"  >\n\t\t\t\n\t\t\t\n\t\t<\/div>\n\t\t\t\t\t<\/div>\n\n\t\n\n\t<div id=\"col-1086728093\" class=\"col medium-4 small-12 large-3\"  >\n\t\t\t\t<div class=\"col-inner\"  >\n\t\t\t\n\t\t\t\n\t<div class=\"img has-hover x md-x lg-x y md-y lg-y\" id=\"image_109877936\">\n\t\t\t\t\t\t\t\t<div class=\"img-inner dark\" >\n\t\t\t<img loading=\"lazy\" decoding=\"async\" width=\"919\" height=\"894\" src=\"https:\/\/isaba.com\/fr\/wp-content\/uploads\/sites\/2\/2024\/12\/ISO-14001.png\" class=\"attachment-2048x2048 size-2048x2048\" alt=\"\" srcset=\"https:\/\/isaba.com\/fr\/wp-content\/uploads\/sites\/2\/2024\/12\/ISO-14001.png 919w, https:\/\/isaba.com\/fr\/wp-content\/uploads\/sites\/2\/2024\/12\/ISO-14001-768x747.png 768w\" sizes=\"auto, (max-width: 919px) 100vw, 919px\" \/>\t\t\t\t\t\t\n\t\t\t\t\t<\/div>\n\t\t\t\t\t\t\t\t\n<style>\n#image_109877936 {\n  width: 40%;\n}\n@media (min-width:550px) {\n  #image_109877936 {\n    width: 30%;\n  }\n}\n<\/style>\n\t<\/div>\n\t\n\t<div id=\"gap-836085623\" class=\"gap-element clearfix\" style=\"display:block; height:auto;\">\n\t\t\n<style>\n#gap-836085623 {\n  padding-top: 15px;\n}\n<\/style>\n\t<\/div>\n\t\n\t<div id=\"text-3973155256\" class=\"text\">\n\t\t\n<h2>Certification ISO 14001 des syst\u00e8mes de gestion de l\u2019environnement<\/h2>\n\t\t\n<style>\n#text-3973155256 {\n  font-size: 1.125rem;\n}\n<\/style>\n\t<\/div>\n\t\n\t<div id=\"text-582020631\" class=\"text\">\n\t\t\n<p>Garantit notre engagement en faveur de la protection de l\u2019environnement par la gestion des risques environnementaux.<\/p>\n\t\t\n<style>\n#text-582020631 {\n  font-size: 0.9rem;\n}\n<\/style>\n\t<\/div>\n\t\n\t\t<\/div>\n\t\t\t\t\t<\/div>\n\n\t\n\n\t<div id=\"col-106521379\" class=\"col hide-for-medium medium-1 small-12 large-1\"  >\n\t\t\t\t<div class=\"col-inner\"  >\n\t\t\t\n\t\t\t\n\t\t<\/div>\n\t\t\t\t\t<\/div>\n\n\t\n\n\t<div id=\"col-13868350\" class=\"col medium-4 small-12 large-3\"  >\n\t\t\t\t<div class=\"col-inner\"  >\n\t\t\t\n\t\t\t\n\t<div class=\"img has-hover x md-x lg-x y md-y lg-y\" id=\"image_334419843\">\n\t\t\t\t\t\t\t\t<div class=\"img-inner dark\" >\n\t\t\t<img loading=\"lazy\" decoding=\"async\" width=\"360\" height=\"353\" src=\"https:\/\/isaba.com\/fr\/wp-content\/uploads\/sites\/2\/2024\/12\/ISO-9001.png\" class=\"attachment-2048x2048 size-2048x2048\" alt=\"\" \/>\t\t\t\t\t\t\n\t\t\t\t\t<\/div>\n\t\t\t\t\t\t\t\t\n<style>\n#image_334419843 {\n  width: 40%;\n}\n@media (min-width:550px) {\n  #image_334419843 {\n    width: 30%;\n  }\n}\n<\/style>\n\t<\/div>\n\t\n\t<div id=\"gap-1421490274\" class=\"gap-element clearfix\" style=\"display:block; height:auto;\">\n\t\t\n<style>\n#gap-1421490274 {\n  padding-top: 15px;\n}\n<\/style>\n\t<\/div>\n\t\n\t<div id=\"text-1848403851\" class=\"text\">\n\t\t\n<h2>Certification ISO 9001 des syst\u00e8mes de gestion de la qualit\u00e9<br \/>\n<\/h2>\n\t\t\n<style>\n#text-1848403851 {\n  font-size: 1.125rem;\n}\n<\/style>\n\t<\/div>\n\t\n\t<div id=\"text-1235973109\" class=\"text\">\n\t\t\n<p>Garantit l\u2019efficacit\u00e9 de la gestion de nos syst\u00e8mes, processus et ressources.<\/p>\n\t\t\n<style>\n#text-1235973109 {\n  font-size: 0.9rem;\n}\n<\/style>\n\t<\/div>\n\t\n\t\t<\/div>\n\t\t\t\t\t<\/div>\n\n\t\n\n\t<div id=\"col-1071172542\" class=\"col hide-for-medium medium-1 small-12 large-1\"  >\n\t\t\t\t<div class=\"col-inner\"  >\n\t\t\t\n\t\t\t\n\t\t<\/div>\n\t\t\t\t\t<\/div>\n\n\t\n\n\t<div id=\"col-802781019\" class=\"col medium-4 small-12 large-3\"  >\n\t\t\t\t<div class=\"col-inner\"  >\n\t\t\t\n\t\t\t\n\t<div class=\"img has-hover x md-x lg-x y md-y lg-y\" id=\"image_1808822991\">\n\t\t\t\t\t\t\t\t<div class=\"img-inner dark\" >\n\t\t\t<img loading=\"lazy\" decoding=\"async\" width=\"624\" height=\"609\" src=\"https:\/\/isaba.com\/fr\/wp-content\/uploads\/sites\/2\/2024\/12\/ISO-45001-1.png\" class=\"attachment-2048x2048 size-2048x2048\" alt=\"\" \/>\t\t\t\t\t\t\n\t\t\t\t\t<\/div>\n\t\t\t\t\t\t\t\t\n<style>\n#image_1808822991 {\n  width: 40%;\n}\n@media (min-width:550px) {\n  #image_1808822991 {\n    width: 30%;\n  }\n}\n<\/style>\n\t<\/div>\n\t\n\t<div id=\"gap-654665364\" class=\"gap-element clearfix\" style=\"display:block; height:auto;\">\n\t\t\n<style>\n#gap-654665364 {\n  padding-top: 15px;\n}\n<\/style>\n\t<\/div>\n\t\n\t<div id=\"text-3935675310\" class=\"text\">\n\t\t\n<h2>Certification ISO 45001 des syst\u00e8mes de gestion de la sant\u00e9 et de la s\u00e9curit\u00e9 au travail<br \/>\n<\/h2>\n\t\t\n<style>\n#text-3935675310 {\n  font-size: 1.125rem;\n}\n<\/style>\n\t<\/div>\n\t\n\t<div id=\"text-3646918808\" class=\"text\">\n\t\t\n<p>Garantit que nous fournissons un lieu de travail s\u00fbr et sain, en pr\u00e9venant les accidents du travail et les atteintes \u00e0 la sant\u00e9 et en am\u00e9liorant de mani\u00e8re proactive les performances en mati\u00e8re de sant\u00e9 et de s\u00e9curit\u00e9 au travail.<\/p>\n\t\t\n<style>\n#text-3646918808 {\n  font-size: 0.9rem;\n}\n<\/style>\n\t<\/div>\n\t\n\t\t<\/div>\n\t\t\t\t\t<\/div>\n\n\t\n<\/div>\n\t<div id=\"gap-1587199383\" class=\"gap-element clearfix\" style=\"display:block; height:auto;\">\n\t\t\n<style>\n#gap-1587199383 {\n  padding-top: 100px;\n}\n<\/style>\n\t<\/div>\n\t\n\t\t<\/div>\n\n\t\t\n<style>\n#section_152229470 {\n  padding-top: 0px;\n  padding-bottom: 0px;\n  background-color: rgb(255, 248, 232);\n}\n<\/style>\n\t<\/section>\n\t\n","protected":false},"excerpt":{"rendered":"","protected":false},"author":1,"featured_media":0,"parent":0,"menu_order":10000,"comment_status":"closed","ping_status":"closed","template":"","meta":{"inline_featured_image":false,"footnotes":""},"class_list":["post-3329","page","type-page","status-publish","hentry"],"acf":[],"yoast_head":"<!-- This site is optimized with the Yoast SEO plugin v27.2 - https:\/\/yoast.com\/product\/yoast-seo-wordpress\/ -->\n<title>Certificados | ISABA<\/title>\n<meta name=\"robots\" content=\"noindex, nofollow\" \/>\n<meta property=\"og:locale\" content=\"fr_FR\" \/>\n<meta property=\"og:type\" content=\"article\" \/>\n<meta property=\"og:title\" content=\"Certificados | ISABA\" \/>\n<meta property=\"og:url\" content=\"https:\/\/isaba.com\/fr\/certificats\/\" \/>\n<meta property=\"og:site_name\" content=\"ISABA FR\" \/>\n<meta property=\"article:publisher\" content=\"https:\/\/www.facebook.com\/isabaprojects\/\" \/>\n<meta property=\"article:modified_time\" content=\"2024-12-12T12:18:13+00:00\" \/>\n<meta property=\"og:image\" content=\"https:\/\/isaba.com\/fr\/wp-content\/uploads\/sites\/2\/2024\/09\/cabecera_hoteles-.jpg\" \/>\n\t<meta property=\"og:image:width\" content=\"1760\" \/>\n\t<meta property=\"og:image:height\" content=\"800\" \/>\n\t<meta property=\"og:image:type\" content=\"image\/jpeg\" \/>\n<meta name=\"twitter:card\" content=\"summary_large_image\" \/>\n<meta name=\"twitter:label1\" content=\"Dur\u00e9e de lecture estim\u00e9e\" \/>\n\t<meta name=\"twitter:data1\" content=\"2 minutes\" \/>\n<script type=\"application\/ld+json\" class=\"yoast-schema-graph\">{\"@context\":\"https:\/\/schema.org\",\"@graph\":[{\"@type\":\"WebPage\",\"@id\":\"https:\/\/isaba.com\/fr\/certificats\/\",\"url\":\"https:\/\/isaba.com\/fr\/certificats\/\",\"name\":\"Certificados | ISABA\",\"isPartOf\":{\"@id\":\"https:\/\/isaba.com\/fr\/#website\"},\"datePublished\":\"2024-12-05T12:33:11+00:00\",\"dateModified\":\"2024-12-12T12:18:13+00:00\",\"breadcrumb\":{\"@id\":\"https:\/\/isaba.com\/fr\/certificats\/#breadcrumb\"},\"inLanguage\":\"fr-FR\",\"potentialAction\":[{\"@type\":\"ReadAction\",\"target\":[\"https:\/\/isaba.com\/fr\/certificats\/\"]}]},{\"@type\":\"BreadcrumbList\",\"@id\":\"https:\/\/isaba.com\/fr\/certificats\/#breadcrumb\",\"itemListElement\":[{\"@type\":\"ListItem\",\"position\":1,\"name\":\"Portada\",\"item\":\"https:\/\/isaba.com\/fr\/\"},{\"@type\":\"ListItem\",\"position\":2,\"name\":\"Certificados\"}]},{\"@type\":\"WebSite\",\"@id\":\"https:\/\/isaba.com\/fr\/#website\",\"url\":\"https:\/\/isaba.com\/fr\/\",\"name\":\"Isaba\",\"description\":\"Fabricant d&#039;Aires de Jeux et Parcs Aquatiques\",\"publisher\":{\"@id\":\"https:\/\/isaba.com\/fr\/#organization\"},\"alternateName\":\"Isaba Projets\",\"potentialAction\":[{\"@type\":\"SearchAction\",\"target\":{\"@type\":\"EntryPoint\",\"urlTemplate\":\"https:\/\/isaba.com\/fr\/?s={search_term_string}\"},\"query-input\":{\"@type\":\"PropertyValueSpecification\",\"valueRequired\":true,\"valueName\":\"search_term_string\"}}],\"inLanguage\":\"fr-FR\"},{\"@type\":\"Organization\",\"@id\":\"https:\/\/isaba.com\/fr\/#organization\",\"name\":\"Isaba Projects\",\"alternateName\":\"Isaba Projects\",\"url\":\"https:\/\/isaba.com\/fr\/\",\"logo\":{\"@type\":\"ImageObject\",\"inLanguage\":\"fr-FR\",\"@id\":\"https:\/\/isaba.com\/fr\/#\/schema\/logo\/image\/\",\"url\":\"https:\/\/isaba.com\/fr\/wp-content\/uploads\/sites\/2\/2024\/09\/logo-v2.svg\",\"contentUrl\":\"https:\/\/isaba.com\/fr\/wp-content\/uploads\/sites\/2\/2024\/09\/logo-v2.svg\",\"width\":210,\"height\":45,\"caption\":\"Isaba Projects\"},\"image\":{\"@id\":\"https:\/\/isaba.com\/fr\/#\/schema\/logo\/image\/\"},\"sameAs\":[\"https:\/\/www.facebook.com\/isabaprojects\/\",\"https:\/\/www.instagram.com\/isabaprojects\/\",\"https:\/\/www.linkedin.com\/company\/isaba-projects\/\",\"https:\/\/www.youtube.com\/channel\/UCPe2qqPfpHkKOtD8w8K-JWg\"]}]}<\/script>\n<!-- \/ Yoast SEO plugin. -->","yoast_head_json":{"title":"Certificados | ISABA","robots":{"index":"noindex","follow":"nofollow"},"og_locale":"fr_FR","og_type":"article","og_title":"Certificados | ISABA","og_url":"https:\/\/isaba.com\/fr\/certificats\/","og_site_name":"ISABA FR","article_publisher":"https:\/\/www.facebook.com\/isabaprojects\/","article_modified_time":"2024-12-12T12:18:13+00:00","og_image":[{"width":1760,"height":800,"url":"https:\/\/isaba.com\/fr\/wp-content\/uploads\/sites\/2\/2024\/09\/cabecera_hoteles-.jpg","type":"image\/jpeg"}],"twitter_card":"summary_large_image","twitter_misc":{"Dur\u00e9e de lecture estim\u00e9e":"2 minutes"},"schema":{"@context":"https:\/\/schema.org","@graph":[{"@type":"WebPage","@id":"https:\/\/isaba.com\/fr\/certificats\/","url":"https:\/\/isaba.com\/fr\/certificats\/","name":"Certificados | ISABA","isPartOf":{"@id":"https:\/\/isaba.com\/fr\/#website"},"datePublished":"2024-12-05T12:33:11+00:00","dateModified":"2024-12-12T12:18:13+00:00","breadcrumb":{"@id":"https:\/\/isaba.com\/fr\/certificats\/#breadcrumb"},"inLanguage":"fr-FR","potentialAction":[{"@type":"ReadAction","target":["https:\/\/isaba.com\/fr\/certificats\/"]}]},{"@type":"BreadcrumbList","@id":"https:\/\/isaba.com\/fr\/certificats\/#breadcrumb","itemListElement":[{"@type":"ListItem","position":1,"name":"Portada","item":"https:\/\/isaba.com\/fr\/"},{"@type":"ListItem","position":2,"name":"Certificados"}]},{"@type":"WebSite","@id":"https:\/\/isaba.com\/fr\/#website","url":"https:\/\/isaba.com\/fr\/","name":"Isaba","description":"Fabricant d&#039;Aires de Jeux et Parcs Aquatiques","publisher":{"@id":"https:\/\/isaba.com\/fr\/#organization"},"alternateName":"Isaba Projets","potentialAction":[{"@type":"SearchAction","target":{"@type":"EntryPoint","urlTemplate":"https:\/\/isaba.com\/fr\/?s={search_term_string}"},"query-input":{"@type":"PropertyValueSpecification","valueRequired":true,"valueName":"search_term_string"}}],"inLanguage":"fr-FR"},{"@type":"Organization","@id":"https:\/\/isaba.com\/fr\/#organization","name":"Isaba Projects","alternateName":"Isaba Projects","url":"https:\/\/isaba.com\/fr\/","logo":{"@type":"ImageObject","inLanguage":"fr-FR","@id":"https:\/\/isaba.com\/fr\/#\/schema\/logo\/image\/","url":"https:\/\/isaba.com\/fr\/wp-content\/uploads\/sites\/2\/2024\/09\/logo-v2.svg","contentUrl":"https:\/\/isaba.com\/fr\/wp-content\/uploads\/sites\/2\/2024\/09\/logo-v2.svg","width":210,"height":45,"caption":"Isaba Projects"},"image":{"@id":"https:\/\/isaba.com\/fr\/#\/schema\/logo\/image\/"},"sameAs":["https:\/\/www.facebook.com\/isabaprojects\/","https:\/\/www.instagram.com\/isabaprojects\/","https:\/\/www.linkedin.com\/company\/isaba-projects\/","https:\/\/www.youtube.com\/channel\/UCPe2qqPfpHkKOtD8w8K-JWg"]}]}},"_links":{"self":[{"href":"https:\/\/isaba.com\/fr\/wp-json\/wp\/v2\/pages\/3329","targetHints":{"allow":["GET"]}}],"collection":[{"href":"https:\/\/isaba.com\/fr\/wp-json\/wp\/v2\/pages"}],"about":[{"href":"https:\/\/isaba.com\/fr\/wp-json\/wp\/v2\/types\/page"}],"author":[{"embeddable":true,"href":"https:\/\/isaba.com\/fr\/wp-json\/wp\/v2\/users\/1"}],"replies":[{"embeddable":true,"href":"https:\/\/isaba.com\/fr\/wp-json\/wp\/v2\/comments?post=3329"}],"version-history":[{"count":15,"href":"https:\/\/isaba.com\/fr\/wp-json\/wp\/v2\/pages\/3329\/revisions"}],"predecessor-version":[{"id":3360,"href":"https:\/\/isaba.com\/fr\/wp-json\/wp\/v2\/pages\/3329\/revisions\/3360"}],"wp:attachment":[{"href":"https:\/\/isaba.com\/fr\/wp-json\/wp\/v2\/media?parent=3329"}],"curies":[{"name":"wp","href":"https:\/\/api.w.org\/{rel}","templated":true}]}}