{"id":3326,"date":"2024-12-05T12:24:57","date_gmt":"2024-12-05T11:24:57","guid":{"rendered":"https:\/\/isaba.com\/fr\/?page_id=3326"},"modified":"2025-04-07T12:44:11","modified_gmt":"2025-04-07T10:44:11","slug":"politique-de-qualite","status":"publish","type":"page","link":"https:\/\/isaba.com\/fr\/politique-de-qualite\/","title":{"rendered":"Pol\u00edtica de calidad"},"content":{"rendered":"\n\t<section class=\"section\" id=\"section_2043999260\">\n\t\t<div class=\"section-bg fill\" >\n\t\t\t\t\t\t\t\t\t\n\t\t\t\n\n\t\t<\/div>\n\n\t\t\n\n\t\t<div class=\"section-content relative\">\n\t\t\t\n\t<div id=\"gap-1873694673\" class=\"gap-element clearfix\" style=\"display:block; height:auto;\">\n\t\t\n<style>\n#gap-1873694673 {\n  padding-top: 150px;\n}\n@media (min-width:550px) {\n  #gap-1873694673 {\n    padding-top: 180px;\n  }\n}\n@media (min-width:850px) {\n  #gap-1873694673 {\n    padding-top: 200px;\n  }\n}\n<\/style>\n\t<\/div>\n\t\n<div class=\"row\"  id=\"row-1488806176\">\n\n\t<div id=\"col-390495216\" class=\"col small-12 large-12\"  >\n\t\t\t\t<div class=\"col-inner\"  >\n\t\t\t\n\t\t\t\n\t<div id=\"text-2274822966\" class=\"text\">\n\t\t\n<h1>Politique de qualit\u00e9, de pr\u00e9vention et d&rsquo;environnement<\/h1>\n\t\t\n<style>\n#text-2274822966 {\n  font-size: 2rem;\n  line-height: 1.2;\n}\n<\/style>\n\t<\/div>\n\t\n\t\t<\/div>\n\t\t\t\t\t<\/div>\n\n\t\n\n\t<div id=\"col-1251608262\" class=\"col small-12 large-12\"  >\n\t\t\t\t<div class=\"col-inner\"  >\n\t\t\t\n\t\t\t\n\t<div id=\"text-210772688\" class=\"text\">\n\t\t\n<h2>Selon les normes ISO 901, 14001 et 45001<\/h2>\n\t\t\n<style>\n#text-210772688 {\n  font-size: 1.125rem;\n}\n<\/style>\n\t<\/div>\n\t\n\t<div id=\"gap-628380291\" class=\"gap-element clearfix\" style=\"display:block; height:auto;\">\n\t\t\n<style>\n#gap-628380291 {\n  padding-top: 30px;\n}\n<\/style>\n\t<\/div>\n\t\n\t<div id=\"text-557446723\" class=\"text\">\n\t\t\n<p><strong>ISABA PROJECTS, S.L.<\/strong> est une organisation d\u00e9di\u00e9e \u00e0 la conception, au d\u00e9veloppement, \u00e0 la r\u00e9alisation (fabrication et montage) et au service apr\u00e8s-vente de projets personnalis\u00e9s pour les loisirs des enfants et de la famille.<\/p>\n\t\t\n<style>\n#text-557446723 {\n  font-size: 0.9rem;\n}\n<\/style>\n\t<\/div>\n\t\n\t<div id=\"gap-2092816889\" class=\"gap-element clearfix\" style=\"display:block; height:auto;\">\n\t\t\n<style>\n#gap-2092816889 {\n  padding-top: 30px;\n}\n<\/style>\n\t<\/div>\n\t\n\t<div id=\"text-600979\" class=\"text\">\n\t\t\n<h2>Nous relevons le d\u00e9fi d&rsquo;innover avec les projets diff\u00e9rentiels.<\/h2>\n\t\t\n<style>\n#text-600979 {\n  font-size: 1.125rem;\n}\n<\/style>\n\t<\/div>\n\t\n\t<div id=\"gap-59161276\" class=\"gap-element clearfix\" style=\"display:block; height:auto;\">\n\t\t\n<style>\n#gap-59161276 {\n  padding-top: 30px;\n}\n<\/style>\n\t<\/div>\n\t\n\t<div id=\"text-1451593476\" class=\"text\">\n\t\t\n<p>Nous recherchons un r\u00e9sultat frais et unique qui r\u00e9ponde aux besoins de chaque marque, dans chaque lieu, o\u00f9 les familles peuvent profiter d&rsquo;un loisir ludique et d&rsquo;une exp\u00e9rience positive.<\/p>\n<p><strong>Nous travaillons avec nos clients<\/strong> avec fra\u00eecheur, en essayant de trouver le plus ludique dans les d\u00e9tails, en appr\u00e9ciant la recherche jusqu&rsquo;\u00e0 ce que nous obtenions le meilleur r\u00e9sultat.<\/p>\n\t\t\n<style>\n#text-1451593476 {\n  font-size: 0.9rem;\n}\n<\/style>\n\t<\/div>\n\t\n\t<div id=\"gap-742191567\" class=\"gap-element clearfix\" style=\"display:block; height:auto;\">\n\t\t\n<style>\n#gap-742191567 {\n  padding-top: 30px;\n}\n<\/style>\n\t<\/div>\n\t\n\t<div id=\"text-1458447344\" class=\"text\">\n\t\t\n<h2>L&rsquo;enfance et le jeu nous touchent<\/h2>\n\t\t\n<style>\n#text-1458447344 {\n  font-size: 1.125rem;\n}\n<\/style>\n\t<\/div>\n\t\n\t<div id=\"gap-306528696\" class=\"gap-element clearfix\" style=\"display:block; height:auto;\">\n\t\t\n<style>\n#gap-306528696 {\n  padding-top: 30px;\n}\n<\/style>\n\t<\/div>\n\t\n\t<div id=\"text-1045101093\" class=\"text\">\n\t\t\n<p>Parce que le jeu est le langage universel de toute enfance saine et cr\u00e9ative. Nous voulons garantir le droit de jouer avec des projets bas\u00e9s sur des Concepts, pour que l&rsquo;apprentissage et l&rsquo;amusement g\u00e9n\u00e8rent les meilleurs souvenirs de famille.<\/p>\n\t\t\n<style>\n#text-1045101093 {\n  font-size: 0.9rem;\n}\n<\/style>\n\t<\/div>\n\t\n\t<div id=\"gap-717097958\" class=\"gap-element clearfix\" style=\"display:block; height:auto;\">\n\t\t\n<style>\n#gap-717097958 {\n  padding-top: 30px;\n}\n<\/style>\n\t<\/div>\n\t\n\t<div id=\"text-3666414105\" class=\"text\">\n\t\t\n<h2>La culture d&rsquo;ISABA<\/h2>\n\t\t\n<style>\n#text-3666414105 {\n  font-size: 1.125rem;\n}\n<\/style>\n\t<\/div>\n\t\n\t<div id=\"gap-972627325\" class=\"gap-element clearfix\" style=\"display:block; height:auto;\">\n\t\t\n<style>\n#gap-972627325 {\n  padding-top: 30px;\n}\n<\/style>\n\t<\/div>\n\t\n\t<div id=\"text-4177790192\" class=\"text\">\n\t\t\n<p>Nous croyons qu&rsquo;il est possible de faire des affaires d&rsquo;une mani\u00e8re diff\u00e9rente et plus humaine. Nous recherchons une \u00e9quipe passionn\u00e9e par la cr\u00e9ation de soci\u00e9t\u00e9s plus saines gr\u00e2ce au jeu. Pour ce faire, nous devons \u00eatre agiles, promouvoir l&rsquo;apprentissage continu en \u00e9quipe et l&rsquo;innovation en tant qu&rsquo;\u00e9l\u00e9ment transversal.<\/p>\n<p>Nous honorons notre m\u00e9moire, nous nous basons sur les valeurs qui sont rest\u00e9es dans Isaba depuis ses d\u00e9buts avec Xabi Amatria et Miren Jim\u00e9nez \u00e0 la t\u00eate.\u00a0 Nous r\u00e9inventons notre mod\u00e8le d&rsquo;entreprise, mais nous conservons toujours notre essence.<\/p>\n<p>Nous sommes diff\u00e9rents, nous le savons et nous l&rsquo;aimons. Nous sommes diff\u00e9rents parce que nous ne nous contentons pas de dire ou d&rsquo;\u00e9crire nos valeurs ou notre mission, nous y croyons et nous les appliquons VRAIMENT. Nous impr\u00e9gnons chaque partie de notre mod\u00e8le d&rsquo;entreprise, nous d\u00e9veloppons des outils sp\u00e9cifiques, nous sortons des sentiers battus.<\/p>\n<p>Nous nous concentrons sur la haute performance en tant qu&rsquo;\u00e9quipe et la premi\u00e8re \u00e9tape consiste \u00e0 travailler conform\u00e9ment \u00e0 nos valeurs. Les erreurs sont une partie importante de notre processus d&rsquo;apprentissage, nous en tirons des le\u00e7ons, nous les observons et les analysons, et nous mettons en pratique notre agilit\u00e9 pour transformer ces erreurs en solutions intelligentes.<\/p>\n<p>Notre culture est ce qui nous permet d&rsquo;\u00eatre une organisation agile, rapide et concentr\u00e9e. Nous avons donc la capacit\u00e9 de nous adapter rapidement aux changements ext\u00e9rieurs. Nous exer\u00e7ons notre activit\u00e9 d&rsquo;une mani\u00e8re radicalement disruptive.<\/p>\n\t\t\n<style>\n#text-4177790192 {\n  font-size: 0.9rem;\n}\n<\/style>\n\t<\/div>\n\t\n\t<div id=\"gap-287430492\" class=\"gap-element clearfix\" style=\"display:block; height:auto;\">\n\t\t\n<style>\n#gap-287430492 {\n  padding-top: 30px;\n}\n<\/style>\n\t<\/div>\n\t\n\t<div id=\"text-1443250348\" class=\"text\">\n\t\t\n<h2>Concentr\u00e9s sur des objectifs cl\u00e9s<\/h2>\n\t\t\n<style>\n#text-1443250348 {\n  font-size: 1.125rem;\n}\n<\/style>\n\t<\/div>\n\t\n\t<div id=\"gap-1101942944\" class=\"gap-element clearfix\" style=\"display:block; height:auto;\">\n\t\t\n<style>\n#gap-1101942944 {\n  padding-top: 30px;\n}\n<\/style>\n\t<\/div>\n\t\n\t<div id=\"text-3791828948\" class=\"text\">\n\t\t\n<ul>\n<li>Nous promouvons la qualit\u00e9 de la vie professionnelle, la consultation et la participation des employ\u00e9s, l&rsquo;\u00e9limination des dangers et la mise en place de pratiques et de processus visant \u00e0 r\u00e9duire les risques, l&rsquo;int\u00e9gration de pratiques d&rsquo;analyse et de d\u00e9veloppement des individus et des \u00e9quipes, la mise en place de conditions de travail s\u00fbres et saines.<\/li>\n<li>Nous recherchons des synergies entre nos fournisseurs, en collaborant et en coop\u00e9rant plus activement dans les processus internes des deux parties, en am\u00e9liorant la qualit\u00e9 des services au client final et la durabilit\u00e9 environnementale de nos activit\u00e9s.<\/li>\n<li>De m\u00eame, la direction d&rsquo;ISABA PROJECTS s&rsquo;assure que les attentes des clients sont satisfaites gr\u00e2ce \u00e0 la communication avec eux, aux r\u00e9ponses \u00e0 leurs \u00e9ventuelles plaintes et \u00e0 la connaissance de leur satisfaction gr\u00e2ce \u00e0 leur fid\u00e9lit\u00e9 \u00e0 ISABA.<\/li>\n<\/ul>\n<p>La direction d&rsquo;ISABA PROJECTS, S.L. s&rsquo;engage \u00e0 r\u00e9pondre aux exigences sp\u00e9cifi\u00e9es par nos clients, ainsi qu&rsquo;aux exigences l\u00e9gales et r\u00e9glementaires, en maintenant dans toutes nos actions la banni\u00e8re de l&rsquo;am\u00e9lioration continue par le biais d&rsquo;un syst\u00e8me de gestion int\u00e9gr\u00e9e de la qualit\u00e9, de l&rsquo;environnement et de la sant\u00e9 et de la s\u00e9curit\u00e9 au travail.<\/p>\n<p>Cette politique est \u00e0 la disposition des parties int\u00e9ress\u00e9es dans les installations d&rsquo;ISABA PROJECTS, S.L.<\/p>\n\t\t\n<style>\n#text-3791828948 {\n  font-size: 0.9rem;\n}\n<\/style>\n\t<\/div>\n\t\n\t<div id=\"gap-2017965159\" class=\"gap-element clearfix\" style=\"display:block; height:auto;\">\n\t\t\n<style>\n#gap-2017965159 {\n  padding-top: 30px;\n}\n<\/style>\n\t<\/div>\n\t\n\t\t<\/div>\n\t\t\t\t\t<\/div>\n\n\t\n<\/div>\n\t\t<\/div>\n\n\t\t\n<style>\n#section_2043999260 {\n  padding-top: 0px;\n  padding-bottom: 0px;\n  background-color: rgb(255, 248, 232);\n}\n<\/style>\n\t<\/section>\n\t\n","protected":false},"excerpt":{"rendered":"","protected":false},"author":1,"featured_media":0,"parent":0,"menu_order":10000,"comment_status":"closed","ping_status":"closed","template":"","meta":{"inline_featured_image":false,"footnotes":""},"class_list":["post-3326","page","type-page","status-publish","hentry"],"acf":[],"yoast_head":"<!-- This site is optimized with the Yoast SEO plugin v27.2 - https:\/\/yoast.com\/product\/yoast-seo-wordpress\/ -->\n<title>Pol\u00edtica de calidad | ISABA<\/title>\n<meta name=\"robots\" content=\"noindex, nofollow\" \/>\n<meta property=\"og:locale\" content=\"fr_FR\" \/>\n<meta property=\"og:type\" content=\"article\" \/>\n<meta property=\"og:title\" content=\"Pol\u00edtica de calidad | ISABA\" \/>\n<meta property=\"og:url\" content=\"https:\/\/isaba.com\/fr\/politique-de-qualite\/\" \/>\n<meta property=\"og:site_name\" content=\"ISABA FR\" \/>\n<meta property=\"article:publisher\" content=\"https:\/\/www.facebook.com\/isabaprojects\/\" \/>\n<meta property=\"article:modified_time\" content=\"2025-04-07T10:44:11+00:00\" \/>\n<meta property=\"og:image\" content=\"https:\/\/isaba.com\/fr\/wp-content\/uploads\/sites\/2\/2024\/09\/cabecera_hoteles-.jpg\" \/>\n\t<meta property=\"og:image:width\" content=\"1760\" \/>\n\t<meta property=\"og:image:height\" content=\"800\" \/>\n\t<meta property=\"og:image:type\" content=\"image\/jpeg\" \/>\n<meta name=\"twitter:card\" content=\"summary_large_image\" \/>\n<meta name=\"twitter:label1\" content=\"Dur\u00e9e de lecture estim\u00e9e\" \/>\n\t<meta name=\"twitter:data1\" content=\"11 minutes\" \/>\n<script type=\"application\/ld+json\" class=\"yoast-schema-graph\">{\"@context\":\"https:\/\/schema.org\",\"@graph\":[{\"@type\":\"WebPage\",\"@id\":\"https:\/\/isaba.com\/fr\/politique-de-qualite\/\",\"url\":\"https:\/\/isaba.com\/fr\/politique-de-qualite\/\",\"name\":\"Pol\u00edtica de calidad | ISABA\",\"isPartOf\":{\"@id\":\"https:\/\/isaba.com\/fr\/#website\"},\"datePublished\":\"2024-12-05T11:24:57+00:00\",\"dateModified\":\"2025-04-07T10:44:11+00:00\",\"breadcrumb\":{\"@id\":\"https:\/\/isaba.com\/fr\/politique-de-qualite\/#breadcrumb\"},\"inLanguage\":\"fr-FR\",\"potentialAction\":[{\"@type\":\"ReadAction\",\"target\":[\"https:\/\/isaba.com\/fr\/politique-de-qualite\/\"]}]},{\"@type\":\"BreadcrumbList\",\"@id\":\"https:\/\/isaba.com\/fr\/politique-de-qualite\/#breadcrumb\",\"itemListElement\":[{\"@type\":\"ListItem\",\"position\":1,\"name\":\"Portada\",\"item\":\"https:\/\/isaba.com\/fr\/\"},{\"@type\":\"ListItem\",\"position\":2,\"name\":\"Pol\u00edtica de calidad\"}]},{\"@type\":\"WebSite\",\"@id\":\"https:\/\/isaba.com\/fr\/#website\",\"url\":\"https:\/\/isaba.com\/fr\/\",\"name\":\"Isaba\",\"description\":\"Fabricant d&#039;Aires de Jeux et Parcs Aquatiques\",\"publisher\":{\"@id\":\"https:\/\/isaba.com\/fr\/#organization\"},\"alternateName\":\"Isaba Projets\",\"potentialAction\":[{\"@type\":\"SearchAction\",\"target\":{\"@type\":\"EntryPoint\",\"urlTemplate\":\"https:\/\/isaba.com\/fr\/?s={search_term_string}\"},\"query-input\":{\"@type\":\"PropertyValueSpecification\",\"valueRequired\":true,\"valueName\":\"search_term_string\"}}],\"inLanguage\":\"fr-FR\"},{\"@type\":\"Organization\",\"@id\":\"https:\/\/isaba.com\/fr\/#organization\",\"name\":\"Isaba Projects\",\"alternateName\":\"Isaba Projects\",\"url\":\"https:\/\/isaba.com\/fr\/\",\"logo\":{\"@type\":\"ImageObject\",\"inLanguage\":\"fr-FR\",\"@id\":\"https:\/\/isaba.com\/fr\/#\/schema\/logo\/image\/\",\"url\":\"https:\/\/isaba.com\/fr\/wp-content\/uploads\/sites\/2\/2024\/09\/logo-v2.svg\",\"contentUrl\":\"https:\/\/isaba.com\/fr\/wp-content\/uploads\/sites\/2\/2024\/09\/logo-v2.svg\",\"width\":210,\"height\":45,\"caption\":\"Isaba Projects\"},\"image\":{\"@id\":\"https:\/\/isaba.com\/fr\/#\/schema\/logo\/image\/\"},\"sameAs\":[\"https:\/\/www.facebook.com\/isabaprojects\/\",\"https:\/\/www.instagram.com\/isabaprojects\/\",\"https:\/\/www.linkedin.com\/company\/isaba-projects\/\",\"https:\/\/www.youtube.com\/channel\/UCPe2qqPfpHkKOtD8w8K-JWg\"]}]}<\/script>\n<!-- \/ Yoast SEO plugin. -->","yoast_head_json":{"title":"Pol\u00edtica de calidad | ISABA","robots":{"index":"noindex","follow":"nofollow"},"og_locale":"fr_FR","og_type":"article","og_title":"Pol\u00edtica de calidad | ISABA","og_url":"https:\/\/isaba.com\/fr\/politique-de-qualite\/","og_site_name":"ISABA FR","article_publisher":"https:\/\/www.facebook.com\/isabaprojects\/","article_modified_time":"2025-04-07T10:44:11+00:00","og_image":[{"width":1760,"height":800,"url":"https:\/\/isaba.com\/fr\/wp-content\/uploads\/sites\/2\/2024\/09\/cabecera_hoteles-.jpg","type":"image\/jpeg"}],"twitter_card":"summary_large_image","twitter_misc":{"Dur\u00e9e de lecture estim\u00e9e":"11 minutes"},"schema":{"@context":"https:\/\/schema.org","@graph":[{"@type":"WebPage","@id":"https:\/\/isaba.com\/fr\/politique-de-qualite\/","url":"https:\/\/isaba.com\/fr\/politique-de-qualite\/","name":"Pol\u00edtica de calidad | ISABA","isPartOf":{"@id":"https:\/\/isaba.com\/fr\/#website"},"datePublished":"2024-12-05T11:24:57+00:00","dateModified":"2025-04-07T10:44:11+00:00","breadcrumb":{"@id":"https:\/\/isaba.com\/fr\/politique-de-qualite\/#breadcrumb"},"inLanguage":"fr-FR","potentialAction":[{"@type":"ReadAction","target":["https:\/\/isaba.com\/fr\/politique-de-qualite\/"]}]},{"@type":"BreadcrumbList","@id":"https:\/\/isaba.com\/fr\/politique-de-qualite\/#breadcrumb","itemListElement":[{"@type":"ListItem","position":1,"name":"Portada","item":"https:\/\/isaba.com\/fr\/"},{"@type":"ListItem","position":2,"name":"Pol\u00edtica de calidad"}]},{"@type":"WebSite","@id":"https:\/\/isaba.com\/fr\/#website","url":"https:\/\/isaba.com\/fr\/","name":"Isaba","description":"Fabricant d&#039;Aires de Jeux et Parcs Aquatiques","publisher":{"@id":"https:\/\/isaba.com\/fr\/#organization"},"alternateName":"Isaba Projets","potentialAction":[{"@type":"SearchAction","target":{"@type":"EntryPoint","urlTemplate":"https:\/\/isaba.com\/fr\/?s={search_term_string}"},"query-input":{"@type":"PropertyValueSpecification","valueRequired":true,"valueName":"search_term_string"}}],"inLanguage":"fr-FR"},{"@type":"Organization","@id":"https:\/\/isaba.com\/fr\/#organization","name":"Isaba Projects","alternateName":"Isaba Projects","url":"https:\/\/isaba.com\/fr\/","logo":{"@type":"ImageObject","inLanguage":"fr-FR","@id":"https:\/\/isaba.com\/fr\/#\/schema\/logo\/image\/","url":"https:\/\/isaba.com\/fr\/wp-content\/uploads\/sites\/2\/2024\/09\/logo-v2.svg","contentUrl":"https:\/\/isaba.com\/fr\/wp-content\/uploads\/sites\/2\/2024\/09\/logo-v2.svg","width":210,"height":45,"caption":"Isaba Projects"},"image":{"@id":"https:\/\/isaba.com\/fr\/#\/schema\/logo\/image\/"},"sameAs":["https:\/\/www.facebook.com\/isabaprojects\/","https:\/\/www.instagram.com\/isabaprojects\/","https:\/\/www.linkedin.com\/company\/isaba-projects\/","https:\/\/www.youtube.com\/channel\/UCPe2qqPfpHkKOtD8w8K-JWg"]}]}},"_links":{"self":[{"href":"https:\/\/isaba.com\/fr\/wp-json\/wp\/v2\/pages\/3326","targetHints":{"allow":["GET"]}}],"collection":[{"href":"https:\/\/isaba.com\/fr\/wp-json\/wp\/v2\/pages"}],"about":[{"href":"https:\/\/isaba.com\/fr\/wp-json\/wp\/v2\/types\/page"}],"author":[{"embeddable":true,"href":"https:\/\/isaba.com\/fr\/wp-json\/wp\/v2\/users\/1"}],"replies":[{"embeddable":true,"href":"https:\/\/isaba.com\/fr\/wp-json\/wp\/v2\/comments?post=3326"}],"version-history":[{"count":3,"href":"https:\/\/isaba.com\/fr\/wp-json\/wp\/v2\/pages\/3326\/revisions"}],"predecessor-version":[{"id":3465,"href":"https:\/\/isaba.com\/fr\/wp-json\/wp\/v2\/pages\/3326\/revisions\/3465"}],"wp:attachment":[{"href":"https:\/\/isaba.com\/fr\/wp-json\/wp\/v2\/media?parent=3326"}],"curies":[{"name":"wp","href":"https:\/\/api.w.org\/{rel}","templated":true}]}}