{"id":3310,"date":"2024-12-05T12:38:11","date_gmt":"2024-12-05T11:38:11","guid":{"rendered":"https:\/\/isaba.com\/en\/?page_id=3310"},"modified":"2025-04-07T12:44:11","modified_gmt":"2025-04-07T10:44:11","slug":"quality-policy","status":"publish","type":"page","link":"https:\/\/isaba.com\/en\/quality-policy\/","title":{"rendered":"Pol\u00edtica de calidad"},"content":{"rendered":"\n\t<section class=\"section\" id=\"section_1423600477\">\n\t\t<div class=\"section-bg fill\" >\n\t\t\t\t\t\t\t\t\t\n\t\t\t\n\n\t\t<\/div>\n\n\t\t\n\n\t\t<div class=\"section-content relative\">\n\t\t\t\n\t<div id=\"gap-481021280\" class=\"gap-element clearfix\" style=\"display:block; height:auto;\">\n\t\t\n<style>\n#gap-481021280 {\n  padding-top: 150px;\n}\n@media (min-width:550px) {\n  #gap-481021280 {\n    padding-top: 180px;\n  }\n}\n@media (min-width:850px) {\n  #gap-481021280 {\n    padding-top: 200px;\n  }\n}\n<\/style>\n\t<\/div>\n\t\n<div class=\"row\"  id=\"row-1363477224\">\n\n\t<div id=\"col-1368925930\" class=\"col small-12 large-12\"  >\n\t\t\t\t<div class=\"col-inner\"  >\n\t\t\t\n\t\t\t\n\t<div id=\"text-2844321692\" class=\"text\">\n\t\t\n<h1>Quality, prevention and environmental policy<\/h1>\n\t\t\n<style>\n#text-2844321692 {\n  font-size: 2rem;\n  line-height: 1.2;\n}\n<\/style>\n\t<\/div>\n\t\n\t\t<\/div>\n\t\t\t\t\t<\/div>\n\n\t\n\n\t<div id=\"col-1719754280\" class=\"col small-12 large-12\"  >\n\t\t\t\t<div class=\"col-inner\"  >\n\t\t\t\n\t\t\t\n\t<div id=\"text-435944374\" class=\"text\">\n\t\t\n<h2>According to ISO 901, 14001 and 45001 Standards<\/h2>\n\t\t\n<style>\n#text-435944374 {\n  font-size: 1.125rem;\n}\n<\/style>\n\t<\/div>\n\t\n\t<div id=\"gap-1668457287\" class=\"gap-element clearfix\" style=\"display:block; height:auto;\">\n\t\t\n<style>\n#gap-1668457287 {\n  padding-top: 30px;\n}\n<\/style>\n\t<\/div>\n\t\n\t<div id=\"text-2336962844\" class=\"text\">\n\t\t\n<p><strong>ISABA PROJECTS, S.L.\u00a0<\/strong>es una organizaci\u00f3n dedicada al dise\u00f1o, desarrollo, realizaci\u00f3n (fabricaci\u00f3n y montaje) y servicio posventa de proyectos personalizados de ocio infantil y familiar.<\/p>\n\t\t\n<style>\n#text-2336962844 {\n  font-size: 0.9rem;\n}\n<\/style>\n\t<\/div>\n\t\n\t<div id=\"gap-2048836343\" class=\"gap-element clearfix\" style=\"display:block; height:auto;\">\n\t\t\n<style>\n#gap-2048836343 {\n  padding-top: 30px;\n}\n<\/style>\n\t<\/div>\n\t\n\t<div id=\"text-1695552716\" class=\"text\">\n\t\t\n<h2>We take on the challenge of innovating with Differential Projects.<\/h2>\n\t\t\n<style>\n#text-1695552716 {\n  font-size: 1.125rem;\n}\n<\/style>\n\t<\/div>\n\t\n\t<div id=\"gap-1872306688\" class=\"gap-element clearfix\" style=\"display:block; height:auto;\">\n\t\t\n<style>\n#gap-1872306688 {\n  padding-top: 30px;\n}\n<\/style>\n\t<\/div>\n\t\n\t<div id=\"text-902863527\" class=\"text\">\n\t\t\n<p>We seek a fresh and unique result that responds to the needs of each brand, in each place, where families can enjoy a playful leisure and positive experience.<\/p>\n<p>We work together with our clients with freshness, trying to find the most playfulness in the details, enjoying the search until we get the best result.<\/p>\n\t\t\n<style>\n#text-902863527 {\n  font-size: 0.9rem;\n}\n<\/style>\n\t<\/div>\n\t\n\t<div id=\"gap-71245520\" class=\"gap-element clearfix\" style=\"display:block; height:auto;\">\n\t\t\n<style>\n#gap-71245520 {\n  padding-top: 30px;\n}\n<\/style>\n\t<\/div>\n\t\n\t<div id=\"text-3443402293\" class=\"text\">\n\t\t\n<h2>We are moved by childhood and play<\/h2>\n\t\t\n<style>\n#text-3443402293 {\n  font-size: 1.125rem;\n}\n<\/style>\n\t<\/div>\n\t\n\t<div id=\"gap-48099444\" class=\"gap-element clearfix\" style=\"display:block; height:auto;\">\n\t\t\n<style>\n#gap-48099444 {\n  padding-top: 30px;\n}\n<\/style>\n\t<\/div>\n\t\n\t<div id=\"text-1921401689\" class=\"text\">\n\t\t\n<p>Because play is the universal language of every healthy and creative childhood. We want to guarantee the right to play with projects based on Concepts, so that learning and fun generate the best family memories.<\/p>\n\t\t\n<style>\n#text-1921401689 {\n  font-size: 0.9rem;\n}\n<\/style>\n\t<\/div>\n\t\n\t<div id=\"gap-773865725\" class=\"gap-element clearfix\" style=\"display:block; height:auto;\">\n\t\t\n<style>\n#gap-773865725 {\n  padding-top: 30px;\n}\n<\/style>\n\t<\/div>\n\t\n\t<div id=\"text-2382847222\" class=\"text\">\n\t\t\n<h2>ISABA&#8217;s culture<\/h2>\n\t\t\n<style>\n#text-2382847222 {\n  font-size: 1.125rem;\n}\n<\/style>\n\t<\/div>\n\t\n\t<div id=\"gap-979229683\" class=\"gap-element clearfix\" style=\"display:block; height:auto;\">\n\t\t\n<style>\n#gap-979229683 {\n  padding-top: 30px;\n}\n<\/style>\n\t<\/div>\n\t\n\t<div id=\"text-1691191506\" class=\"text\">\n\t\t\n<p>We believe in doing business in a different, more human way. We are looking for a team passionate about doing our bit to create healthier societies through play. To do this we need to be agile, promote continuous team learning and innovation as a transversal element.<\/p>\n<p>We honour our memory, we base ourselves on the values that have remained in Isaba since its beginnings with Xabi Amatria and Miren Jim\u00e9nez at the head.\u00a0 We reinvent our business model, but we always maintain our essence.<\/p>\n<p>We are different, we know it and we love it. We are different because we don&#8217;t just say or write our values or mission, we believe them and we REALLY apply them. We permeate every part of our business model, we develop specific tools for it, we go outside the box.<\/p>\n<p>We focus on high performance as a team and the first step is to work according to our values. Mistakes are an important part of our learning process, we learn from them, we observe and analyse them, and we put into practice our agility to transform these mistakes into intelligent solutions.<\/p>\n<p>Our culture is what enables us to be an agile, fast and focused organisation. Therefore, we have the ability to adapt quickly to external changes. We do business in a radically disruptive way.<\/p>\n\t\t\n<style>\n#text-1691191506 {\n  font-size: 0.9rem;\n}\n<\/style>\n\t<\/div>\n\t\n\t<div id=\"gap-1349867692\" class=\"gap-element clearfix\" style=\"display:block; height:auto;\">\n\t\t\n<style>\n#gap-1349867692 {\n  padding-top: 30px;\n}\n<\/style>\n\t<\/div>\n\t\n\t<div id=\"text-3066175539\" class=\"text\">\n\t\t\n<h2>Focused on key objectives<\/h2>\n\t\t\n<style>\n#text-3066175539 {\n  font-size: 1.125rem;\n}\n<\/style>\n\t<\/div>\n\t\n\t<div id=\"gap-2143652954\" class=\"gap-element clearfix\" style=\"display:block; height:auto;\">\n\t\t\n<style>\n#gap-2143652954 {\n  padding-top: 30px;\n}\n<\/style>\n\t<\/div>\n\t\n\t<div id=\"text-252844115\" class=\"text\">\n\t\t\n<ul>\n<li>We promote quality of working life, employee consultation and participation, eliminating hazards and putting in place practices and processes to reduce risks, incorporating individual and team analysis and development practices, providing safe and healthy working conditions.<\/li>\n<li>We seek synergies between our suppliers, collaborating and cooperating more actively in the internal processes of both parties, improving the quality of services to the end customer and the environmental sustainability of our activities.<\/li>\n<li>Likewise, the management of ISABA PROJECTS ensures that customer expectations are met through communication with them, responses to their possible complaints and knowledge of their satisfaction through their loyalty to ISABA.<\/li>\n<\/ul>\n<p>The Management of ISABA PROJECTS, S.L. is committed to meeting the requirements specified by our clients, as well as legal and regulatory requirements, maintaining in all our actions the banner of continuous improvement through an Integrated Quality, Environmental and Occupational Health and Safety Management System.<\/p>\n<p>This Policy is available to interested parties at ISABA PROJECTS, S.L. facilities.<\/p>\n\t\t\n<style>\n#text-252844115 {\n  font-size: 0.9rem;\n}\n<\/style>\n\t<\/div>\n\t\n\t<div id=\"gap-1150402384\" class=\"gap-element clearfix\" style=\"display:block; height:auto;\">\n\t\t\n<style>\n#gap-1150402384 {\n  padding-top: 30px;\n}\n<\/style>\n\t<\/div>\n\t\n\t\t<\/div>\n\t\t\t\t\t<\/div>\n\n\t\n<\/div>\n\t\t<\/div>\n\n\t\t\n<style>\n#section_1423600477 {\n  padding-top: 0px;\n  padding-bottom: 0px;\n  background-color: rgb(255, 248, 232);\n}\n<\/style>\n\t<\/section>\n\t\n","protected":false},"excerpt":{"rendered":"","protected":false},"author":1,"featured_media":0,"parent":0,"menu_order":10000,"comment_status":"closed","ping_status":"closed","template":"","meta":{"inline_featured_image":false,"footnotes":""},"class_list":["post-3310","page","type-page","status-publish","hentry"],"acf":[],"yoast_head":"<!-- This site is optimized with the Yoast SEO plugin v27.2 - https:\/\/yoast.com\/product\/yoast-seo-wordpress\/ -->\n<title>Pol\u00edtica de calidad | ISABA<\/title>\n<meta name=\"robots\" content=\"noindex, nofollow\" \/>\n<meta property=\"og:locale\" content=\"en_GB\" \/>\n<meta property=\"og:type\" content=\"article\" \/>\n<meta property=\"og:title\" content=\"Pol\u00edtica de calidad | ISABA\" \/>\n<meta property=\"og:url\" content=\"https:\/\/isaba.com\/en\/quality-policy\/\" \/>\n<meta property=\"og:site_name\" content=\"ISABA EN\" \/>\n<meta property=\"article:publisher\" content=\"https:\/\/www.facebook.com\/isabaprojects\/\" \/>\n<meta property=\"article:modified_time\" content=\"2025-04-07T10:44:11+00:00\" \/>\n<meta property=\"og:image\" content=\"https:\/\/isaba.com\/en\/wp-content\/uploads\/sites\/3\/2024\/09\/cabecera_hoteles-.jpg\" \/>\n\t<meta property=\"og:image:width\" content=\"1760\" \/>\n\t<meta property=\"og:image:height\" content=\"800\" \/>\n\t<meta property=\"og:image:type\" content=\"image\/jpeg\" \/>\n<meta name=\"twitter:card\" content=\"summary_large_image\" \/>\n<meta name=\"twitter:label1\" content=\"Estimated reading time\" \/>\n\t<meta name=\"twitter:data1\" content=\"9 minutes\" \/>\n<script type=\"application\/ld+json\" class=\"yoast-schema-graph\">{\"@context\":\"https:\/\/schema.org\",\"@graph\":[{\"@type\":\"WebPage\",\"@id\":\"https:\/\/isaba.com\/en\/quality-policy\/\",\"url\":\"https:\/\/isaba.com\/en\/quality-policy\/\",\"name\":\"Pol\u00edtica de calidad | ISABA\",\"isPartOf\":{\"@id\":\"https:\/\/isaba.com\/en\/#website\"},\"datePublished\":\"2024-12-05T11:38:11+00:00\",\"dateModified\":\"2025-04-07T10:44:11+00:00\",\"breadcrumb\":{\"@id\":\"https:\/\/isaba.com\/en\/quality-policy\/#breadcrumb\"},\"inLanguage\":\"en-GB\",\"potentialAction\":[{\"@type\":\"ReadAction\",\"target\":[\"https:\/\/isaba.com\/en\/quality-policy\/\"]}]},{\"@type\":\"BreadcrumbList\",\"@id\":\"https:\/\/isaba.com\/en\/quality-policy\/#breadcrumb\",\"itemListElement\":[{\"@type\":\"ListItem\",\"position\":1,\"name\":\"Portada\",\"item\":\"https:\/\/isaba.com\/en\/\"},{\"@type\":\"ListItem\",\"position\":2,\"name\":\"Pol\u00edtica de calidad\"}]},{\"@type\":\"WebSite\",\"@id\":\"https:\/\/isaba.com\/en\/#website\",\"url\":\"https:\/\/isaba.com\/en\/\",\"name\":\"Isaba\",\"description\":\"Fabricante de parques infantiles y acu\u00e1ticos\",\"publisher\":{\"@id\":\"https:\/\/isaba.com\/en\/#organization\"},\"alternateName\":\"Isaba Projects\",\"potentialAction\":[{\"@type\":\"SearchAction\",\"target\":{\"@type\":\"EntryPoint\",\"urlTemplate\":\"https:\/\/isaba.com\/en\/?s={search_term_string}\"},\"query-input\":{\"@type\":\"PropertyValueSpecification\",\"valueRequired\":true,\"valueName\":\"search_term_string\"}}],\"inLanguage\":\"en-GB\"},{\"@type\":\"Organization\",\"@id\":\"https:\/\/isaba.com\/en\/#organization\",\"name\":\"Isaba Projects\",\"alternateName\":\"Isaba Projects\",\"url\":\"https:\/\/isaba.com\/en\/\",\"logo\":{\"@type\":\"ImageObject\",\"inLanguage\":\"en-GB\",\"@id\":\"https:\/\/isaba.com\/en\/#\/schema\/logo\/image\/\",\"url\":\"https:\/\/isaba.com\/en\/wp-content\/uploads\/sites\/3\/2024\/09\/logo-v2.svg\",\"contentUrl\":\"https:\/\/isaba.com\/en\/wp-content\/uploads\/sites\/3\/2024\/09\/logo-v2.svg\",\"width\":210,\"height\":45,\"caption\":\"Isaba Projects\"},\"image\":{\"@id\":\"https:\/\/isaba.com\/en\/#\/schema\/logo\/image\/\"},\"sameAs\":[\"https:\/\/www.facebook.com\/isabaprojects\/\",\"https:\/\/www.instagram.com\/isabaprojects\/\",\"https:\/\/www.linkedin.com\/company\/isaba-projects\/\",\"https:\/\/www.youtube.com\/channel\/UCPe2qqPfpHkKOtD8w8K-JWg\"]}]}<\/script>\n<!-- \/ Yoast SEO plugin. -->","yoast_head_json":{"title":"Pol\u00edtica de calidad | ISABA","robots":{"index":"noindex","follow":"nofollow"},"og_locale":"en_GB","og_type":"article","og_title":"Pol\u00edtica de calidad | ISABA","og_url":"https:\/\/isaba.com\/en\/quality-policy\/","og_site_name":"ISABA EN","article_publisher":"https:\/\/www.facebook.com\/isabaprojects\/","article_modified_time":"2025-04-07T10:44:11+00:00","og_image":[{"width":1760,"height":800,"url":"https:\/\/isaba.com\/en\/wp-content\/uploads\/sites\/3\/2024\/09\/cabecera_hoteles-.jpg","type":"image\/jpeg"}],"twitter_card":"summary_large_image","twitter_misc":{"Estimated reading time":"9 minutes"},"schema":{"@context":"https:\/\/schema.org","@graph":[{"@type":"WebPage","@id":"https:\/\/isaba.com\/en\/quality-policy\/","url":"https:\/\/isaba.com\/en\/quality-policy\/","name":"Pol\u00edtica de calidad | ISABA","isPartOf":{"@id":"https:\/\/isaba.com\/en\/#website"},"datePublished":"2024-12-05T11:38:11+00:00","dateModified":"2025-04-07T10:44:11+00:00","breadcrumb":{"@id":"https:\/\/isaba.com\/en\/quality-policy\/#breadcrumb"},"inLanguage":"en-GB","potentialAction":[{"@type":"ReadAction","target":["https:\/\/isaba.com\/en\/quality-policy\/"]}]},{"@type":"BreadcrumbList","@id":"https:\/\/isaba.com\/en\/quality-policy\/#breadcrumb","itemListElement":[{"@type":"ListItem","position":1,"name":"Portada","item":"https:\/\/isaba.com\/en\/"},{"@type":"ListItem","position":2,"name":"Pol\u00edtica de calidad"}]},{"@type":"WebSite","@id":"https:\/\/isaba.com\/en\/#website","url":"https:\/\/isaba.com\/en\/","name":"Isaba","description":"Fabricante de parques infantiles y acu\u00e1ticos","publisher":{"@id":"https:\/\/isaba.com\/en\/#organization"},"alternateName":"Isaba Projects","potentialAction":[{"@type":"SearchAction","target":{"@type":"EntryPoint","urlTemplate":"https:\/\/isaba.com\/en\/?s={search_term_string}"},"query-input":{"@type":"PropertyValueSpecification","valueRequired":true,"valueName":"search_term_string"}}],"inLanguage":"en-GB"},{"@type":"Organization","@id":"https:\/\/isaba.com\/en\/#organization","name":"Isaba Projects","alternateName":"Isaba Projects","url":"https:\/\/isaba.com\/en\/","logo":{"@type":"ImageObject","inLanguage":"en-GB","@id":"https:\/\/isaba.com\/en\/#\/schema\/logo\/image\/","url":"https:\/\/isaba.com\/en\/wp-content\/uploads\/sites\/3\/2024\/09\/logo-v2.svg","contentUrl":"https:\/\/isaba.com\/en\/wp-content\/uploads\/sites\/3\/2024\/09\/logo-v2.svg","width":210,"height":45,"caption":"Isaba Projects"},"image":{"@id":"https:\/\/isaba.com\/en\/#\/schema\/logo\/image\/"},"sameAs":["https:\/\/www.facebook.com\/isabaprojects\/","https:\/\/www.instagram.com\/isabaprojects\/","https:\/\/www.linkedin.com\/company\/isaba-projects\/","https:\/\/www.youtube.com\/channel\/UCPe2qqPfpHkKOtD8w8K-JWg"]}]}},"_links":{"self":[{"href":"https:\/\/isaba.com\/en\/wp-json\/wp\/v2\/pages\/3310","targetHints":{"allow":["GET"]}}],"collection":[{"href":"https:\/\/isaba.com\/en\/wp-json\/wp\/v2\/pages"}],"about":[{"href":"https:\/\/isaba.com\/en\/wp-json\/wp\/v2\/types\/page"}],"author":[{"embeddable":true,"href":"https:\/\/isaba.com\/en\/wp-json\/wp\/v2\/users\/1"}],"replies":[{"embeddable":true,"href":"https:\/\/isaba.com\/en\/wp-json\/wp\/v2\/comments?post=3310"}],"version-history":[{"count":3,"href":"https:\/\/isaba.com\/en\/wp-json\/wp\/v2\/pages\/3310\/revisions"}],"predecessor-version":[{"id":3456,"href":"https:\/\/isaba.com\/en\/wp-json\/wp\/v2\/pages\/3310\/revisions\/3456"}],"wp:attachment":[{"href":"https:\/\/isaba.com\/en\/wp-json\/wp\/v2\/media?parent=3310"}],"curies":[{"name":"wp","href":"https:\/\/api.w.org\/{rel}","templated":true}]}}